{"id":10439,"date":"2024-12-03T21:07:02","date_gmt":"2024-12-03T21:07:02","guid":{"rendered":"https:\/\/www.coconucobeach.co\/?post_type=product&#038;p=10439"},"modified":"2026-02-23T17:22:12","modified_gmt":"2026-02-23T17:22:12","slug":"masaje-profundo","status":"publish","type":"product","link":"https:\/\/www.coconucobeach.co\/en\/product\/masaje-profundo\/","title":{"rendered":"Deep Massage"},"content":{"rendered":"<p>Includes:<\/p>\n<div class=\"elementor-element elementor-element-20a4609 elementor-widget elementor-widget-text-editor\" data-id=\"20a4609\" data-element_type=\"widget\" data-widget_type=\"text-editor.default\">\n<div class=\"elementor-widget-container\">\n<div class=\"elementor-element elementor-element-68efedb0 elementor-widget elementor-widget-text-editor\" data-id=\"68efedb0\" data-element_type=\"widget\" data-widget_type=\"text-editor.default\">\n<div class=\"elementor-widget-container\">\n<div class=\"elementor-element elementor-element-20a4609 elementor-widget elementor-widget-text-editor\" data-id=\"20a4609\" data-element_type=\"widget\" data-widget_type=\"text-editor.default\">\n<div class=\"elementor-widget-container\">\n<div class=\"elementor-element elementor-element-68efedb0 elementor-widget elementor-widget-text-editor\" data-id=\"68efedb0\" data-element_type=\"widget\" data-widget_type=\"text-editor.default\">\n<div class=\"elementor-widget-container\">\n<p>Cardinal points massage \u2022 Specific massage in pain areas \u2022 Hydrotherapy \u2022 Swimming pool \u2022 Sauna \u2022 Semi-private beach \u2022 Coconuco Cocktail<\/p>\n<\/div>\n<\/div>\n<\/div>\n<\/div>\n<\/div>\n<\/div>\n<\/div>\n<\/div>\n<p>Ritual duration:<\/p>\n<p>1 hour<\/p>","protected":false},"excerpt":{"rendered":"<div class=\"elementor-element elementor-element-7b8f9c7 elementor-widget elementor-widget-text-editor\" data-id=\"7b8f9c7\" data-element_type=\"widget\" data-widget_type=\"text-editor.default\">\n<div class=\"elementor-widget-container\">\n<div class=\"elementor-element elementor-element-7b8f9c7 elementor-widget elementor-widget-text-editor\" data-id=\"7b8f9c7\" data-element_type=\"widget\" data-widget_type=\"text-editor.default\">\n<div class=\"elementor-widget-container\">\n<p>Deep tissue massage is a therapeutic technique that focuses on working the deeper muscles and connective tissues of the body, unlike relaxing massages, which focus on relieving stress.<\/p>\n<\/div>\n<\/div>\n<div class=\"elementor-element elementor-element-dfcfaa6 elementor-widget elementor-widget-text-editor\" data-id=\"dfcfaa6\" data-element_type=\"widget\" data-widget_type=\"text-editor.default\">\n<div class=\"elementor-widget-container\"><\/div>\n<\/div>\n<\/div>\n<\/div>","protected":false},"featured_media":8443,"template":"","meta":[],"product_brand":[],"product_cat":[59],"product_tag":[],"class_list":{"0":"post-10439","1":"product","2":"type-product","3":"status-publish","4":"has-post-thumbnail","6":"product_cat-spa","8":"first","9":"onbackorder","10":"shipping-taxable","11":"product-type-simple"},"yoast_head":"<!-- This site is optimized with the Yoast SEO plugin v27.4 - https:\/\/yoast.com\/product\/yoast-seo-wordpress\/ -->\n<title>Masaje Profundo - Coconuco Beach Resort<\/title>\n<meta name=\"robots\" content=\"index, follow, max-snippet:-1, max-image-preview:large, max-video-preview:-1\" \/>\n<link rel=\"canonical\" href=\"https:\/\/www.coconucobeach.co\/en\/product\/masaje-profundo\/\" \/>\n<meta property=\"og:locale\" content=\"en_GB\" \/>\n<meta property=\"og:type\" content=\"article\" \/>\n<meta property=\"og:title\" content=\"Masaje Profundo - Coconuco Beach Resort\" \/>\n<meta property=\"og:description\" content=\"El masaje de tejido profundo es una t\u00e9cnica terap\u00e9utica que se centra en trabajar los m\u00fasculos y tejidos conectivos m\u00e1s profundos del cuerpo, a diferencia de los masajes relajantes, que se enfocan en aliviar el estr\u00e9s.\" \/>\n<meta property=\"og:url\" content=\"https:\/\/www.coconucobeach.co\/en\/product\/masaje-profundo\/\" \/>\n<meta property=\"og:site_name\" content=\"Coconuco Beach Resort\" \/>\n<meta property=\"article:publisher\" content=\"https:\/\/www.facebook.com\/coconucobeachpalomino\" \/>\n<meta property=\"article:modified_time\" content=\"2026-02-23T17:22:12+00:00\" \/>\n<meta property=\"og:image\" content=\"https:\/\/www.coconucobeach.co\/wp-content\/uploads\/2024\/11\/1.png\" \/>\n\t<meta property=\"og:image:width\" content=\"1080\" \/>\n\t<meta property=\"og:image:height\" content=\"1080\" \/>\n\t<meta property=\"og:image:type\" content=\"image\/png\" \/>\n<meta name=\"twitter:card\" content=\"summary_large_image\" \/>\n<meta name=\"twitter:label1\" content=\"Estimated reading time\" \/>\n\t<meta name=\"twitter:data1\" content=\"1 minute\" \/>\n<script type=\"application\/ld+json\" class=\"yoast-schema-graph\">{\"@context\":\"https:\\\/\\\/schema.org\",\"@graph\":[{\"@type\":\"WebPage\",\"@id\":\"https:\\\/\\\/www.coconucobeach.co\\\/producto\\\/masaje-profundo\\\/\",\"url\":\"https:\\\/\\\/www.coconucobeach.co\\\/producto\\\/masaje-profundo\\\/\",\"name\":\"Masaje Profundo - Coconuco Beach Resort\",\"isPartOf\":{\"@id\":\"https:\\\/\\\/www.coconucobeach.co\\\/#website\"},\"primaryImageOfPage\":{\"@id\":\"https:\\\/\\\/www.coconucobeach.co\\\/producto\\\/masaje-profundo\\\/#primaryimage\"},\"image\":{\"@id\":\"https:\\\/\\\/www.coconucobeach.co\\\/producto\\\/masaje-profundo\\\/#primaryimage\"},\"thumbnailUrl\":\"https:\\\/\\\/www.coconucobeach.co\\\/wp-content\\\/uploads\\\/2024\\\/11\\\/1.png\",\"datePublished\":\"2024-12-03T21:07:02+00:00\",\"dateModified\":\"2026-02-23T17:22:12+00:00\",\"breadcrumb\":{\"@id\":\"https:\\\/\\\/www.coconucobeach.co\\\/producto\\\/masaje-profundo\\\/#breadcrumb\"},\"inLanguage\":\"en-GB\",\"potentialAction\":[{\"@type\":\"ReadAction\",\"target\":[\"https:\\\/\\\/www.coconucobeach.co\\\/producto\\\/masaje-profundo\\\/\"]}]},{\"@type\":\"ImageObject\",\"inLanguage\":\"en-GB\",\"@id\":\"https:\\\/\\\/www.coconucobeach.co\\\/producto\\\/masaje-profundo\\\/#primaryimage\",\"url\":\"https:\\\/\\\/www.coconucobeach.co\\\/wp-content\\\/uploads\\\/2024\\\/11\\\/1.png\",\"contentUrl\":\"https:\\\/\\\/www.coconucobeach.co\\\/wp-content\\\/uploads\\\/2024\\\/11\\\/1.png\",\"width\":1080,\"height\":1080},{\"@type\":\"BreadcrumbList\",\"@id\":\"https:\\\/\\\/www.coconucobeach.co\\\/producto\\\/masaje-profundo\\\/#breadcrumb\",\"itemListElement\":[{\"@type\":\"ListItem\",\"position\":1,\"name\":\"Portada\",\"item\":\"https:\\\/\\\/www.coconucobeach.co\\\/\"},{\"@type\":\"ListItem\",\"position\":2,\"name\":\"Tienda\",\"item\":\"https:\\\/\\\/www.coconucobeach.co\\\/tienda\\\/\"},{\"@type\":\"ListItem\",\"position\":3,\"name\":\"Masaje Profundo\"}]},{\"@type\":\"WebSite\",\"@id\":\"https:\\\/\\\/www.coconucobeach.co\\\/#website\",\"url\":\"https:\\\/\\\/www.coconucobeach.co\\\/\",\"name\":\"Coconuco Beach Resort\",\"description\":\"Coconuco Beach Resort es un lujoso, tranquilo y paradisiaco hotel\\\/resort ubicado en Palomino, Colombia. \u00a1Reserva con nosotros!\",\"publisher\":{\"@id\":\"https:\\\/\\\/www.coconucobeach.co\\\/#organization\"},\"potentialAction\":[{\"@type\":\"SearchAction\",\"target\":{\"@type\":\"EntryPoint\",\"urlTemplate\":\"https:\\\/\\\/www.coconucobeach.co\\\/?s={search_term_string}\"},\"query-input\":{\"@type\":\"PropertyValueSpecification\",\"valueRequired\":true,\"valueName\":\"search_term_string\"}}],\"inLanguage\":\"en-GB\"},{\"@type\":\"Organization\",\"@id\":\"https:\\\/\\\/www.coconucobeach.co\\\/#organization\",\"name\":\"Coconuco Beach Resort\",\"url\":\"https:\\\/\\\/www.coconucobeach.co\\\/\",\"logo\":{\"@type\":\"ImageObject\",\"inLanguage\":\"en-GB\",\"@id\":\"https:\\\/\\\/www.coconucobeach.co\\\/#\\\/schema\\\/logo\\\/image\\\/\",\"url\":\"https:\\\/\\\/www.coconucobeach.co\\\/wp-content\\\/uploads\\\/2023\\\/09\\\/LOGOTIPO-COCONUCO.png\",\"contentUrl\":\"https:\\\/\\\/www.coconucobeach.co\\\/wp-content\\\/uploads\\\/2023\\\/09\\\/LOGOTIPO-COCONUCO.png\",\"width\":500,\"height\":500,\"caption\":\"Coconuco Beach Resort\"},\"image\":{\"@id\":\"https:\\\/\\\/www.coconucobeach.co\\\/#\\\/schema\\\/logo\\\/image\\\/\"},\"sameAs\":[\"https:\\\/\\\/www.facebook.com\\\/coconucobeachpalomino\",\"https:\\\/\\\/www.instagram.com\\\/coconucobeachpalomino\\\/\",\"https:\\\/\\\/www.tiktok.com\\\/@coconucobeachpalomino\",\"https:\\\/\\\/www.linkedin.com\\\/in\\\/coconuco-beach-hotel-resort-74567128b\\\/\",\"https:\\\/\\\/co.pinterest.com\\\/coconucobeachpalomino\\\/\"]}]}<\/script>\n<!-- \/ Yoast SEO plugin. -->","yoast_head_json":{"title":"Masaje Profundo - Coconuco Beach Resort","robots":{"index":"index","follow":"follow","max-snippet":"max-snippet:-1","max-image-preview":"max-image-preview:large","max-video-preview":"max-video-preview:-1"},"canonical":"https:\/\/www.coconucobeach.co\/en\/product\/masaje-profundo\/","og_locale":"en_GB","og_type":"article","og_title":"Masaje Profundo - Coconuco Beach Resort","og_description":"El masaje de tejido profundo es una t\u00e9cnica terap\u00e9utica que se centra en trabajar los m\u00fasculos y tejidos conectivos m\u00e1s profundos del cuerpo, a diferencia de los masajes relajantes, que se enfocan en aliviar el estr\u00e9s.","og_url":"https:\/\/www.coconucobeach.co\/en\/product\/masaje-profundo\/","og_site_name":"Coconuco Beach Resort","article_publisher":"https:\/\/www.facebook.com\/coconucobeachpalomino","article_modified_time":"2026-02-23T17:22:12+00:00","og_image":[{"width":1080,"height":1080,"url":"https:\/\/www.coconucobeach.co\/wp-content\/uploads\/2024\/11\/1.png","type":"image\/png"}],"twitter_card":"summary_large_image","twitter_misc":{"Estimated reading time":"1 minute"},"schema":{"@context":"https:\/\/schema.org","@graph":[{"@type":"WebPage","@id":"https:\/\/www.coconucobeach.co\/producto\/masaje-profundo\/","url":"https:\/\/www.coconucobeach.co\/producto\/masaje-profundo\/","name":"Masaje Profundo - Coconuco Beach Resort","isPartOf":{"@id":"https:\/\/www.coconucobeach.co\/#website"},"primaryImageOfPage":{"@id":"https:\/\/www.coconucobeach.co\/producto\/masaje-profundo\/#primaryimage"},"image":{"@id":"https:\/\/www.coconucobeach.co\/producto\/masaje-profundo\/#primaryimage"},"thumbnailUrl":"https:\/\/www.coconucobeach.co\/wp-content\/uploads\/2024\/11\/1.png","datePublished":"2024-12-03T21:07:02+00:00","dateModified":"2026-02-23T17:22:12+00:00","breadcrumb":{"@id":"https:\/\/www.coconucobeach.co\/producto\/masaje-profundo\/#breadcrumb"},"inLanguage":"en-GB","potentialAction":[{"@type":"ReadAction","target":["https:\/\/www.coconucobeach.co\/producto\/masaje-profundo\/"]}]},{"@type":"ImageObject","inLanguage":"en-GB","@id":"https:\/\/www.coconucobeach.co\/producto\/masaje-profundo\/#primaryimage","url":"https:\/\/www.coconucobeach.co\/wp-content\/uploads\/2024\/11\/1.png","contentUrl":"https:\/\/www.coconucobeach.co\/wp-content\/uploads\/2024\/11\/1.png","width":1080,"height":1080},{"@type":"BreadcrumbList","@id":"https:\/\/www.coconucobeach.co\/producto\/masaje-profundo\/#breadcrumb","itemListElement":[{"@type":"ListItem","position":1,"name":"Portada","item":"https:\/\/www.coconucobeach.co\/"},{"@type":"ListItem","position":2,"name":"Tienda","item":"https:\/\/www.coconucobeach.co\/tienda\/"},{"@type":"ListItem","position":3,"name":"Masaje Profundo"}]},{"@type":"WebSite","@id":"https:\/\/www.coconucobeach.co\/#website","url":"https:\/\/www.coconucobeach.co\/","name":"Coconuco Beach Resort","description":"Coconuco Beach Resort es un lujoso, tranquilo y paradisiaco hotel\/resort ubicado en Palomino, Colombia. \u00a1Reserva con nosotros!","publisher":{"@id":"https:\/\/www.coconucobeach.co\/#organization"},"potentialAction":[{"@type":"SearchAction","target":{"@type":"EntryPoint","urlTemplate":"https:\/\/www.coconucobeach.co\/?s={search_term_string}"},"query-input":{"@type":"PropertyValueSpecification","valueRequired":true,"valueName":"search_term_string"}}],"inLanguage":"en-GB"},{"@type":"Organization","@id":"https:\/\/www.coconucobeach.co\/#organization","name":"Coconuco Beach Resort","url":"https:\/\/www.coconucobeach.co\/","logo":{"@type":"ImageObject","inLanguage":"en-GB","@id":"https:\/\/www.coconucobeach.co\/#\/schema\/logo\/image\/","url":"https:\/\/www.coconucobeach.co\/wp-content\/uploads\/2023\/09\/LOGOTIPO-COCONUCO.png","contentUrl":"https:\/\/www.coconucobeach.co\/wp-content\/uploads\/2023\/09\/LOGOTIPO-COCONUCO.png","width":500,"height":500,"caption":"Coconuco Beach Resort"},"image":{"@id":"https:\/\/www.coconucobeach.co\/#\/schema\/logo\/image\/"},"sameAs":["https:\/\/www.facebook.com\/coconucobeachpalomino","https:\/\/www.instagram.com\/coconucobeachpalomino\/","https:\/\/www.tiktok.com\/@coconucobeachpalomino","https:\/\/www.linkedin.com\/in\/coconuco-beach-hotel-resort-74567128b\/","https:\/\/co.pinterest.com\/coconucobeachpalomino\/"]}]}},"_links":{"self":[{"href":"https:\/\/www.coconucobeach.co\/en\/wp-json\/wp\/v2\/product\/10439","targetHints":{"allow":["GET"]}}],"collection":[{"href":"https:\/\/www.coconucobeach.co\/en\/wp-json\/wp\/v2\/product"}],"about":[{"href":"https:\/\/www.coconucobeach.co\/en\/wp-json\/wp\/v2\/types\/product"}],"version-history":[{"count":1,"href":"https:\/\/www.coconucobeach.co\/en\/wp-json\/wp\/v2\/product\/10439\/revisions"}],"predecessor-version":[{"id":11478,"href":"https:\/\/www.coconucobeach.co\/en\/wp-json\/wp\/v2\/product\/10439\/revisions\/11478"}],"wp:featuredmedia":[{"embeddable":true,"href":"https:\/\/www.coconucobeach.co\/en\/wp-json\/wp\/v2\/media\/8443"}],"wp:attachment":[{"href":"https:\/\/www.coconucobeach.co\/en\/wp-json\/wp\/v2\/media?parent=10439"}],"wp:term":[{"taxonomy":"product_brand","embeddable":true,"href":"https:\/\/www.coconucobeach.co\/en\/wp-json\/wp\/v2\/product_brand?post=10439"},{"taxonomy":"product_cat","embeddable":true,"href":"https:\/\/www.coconucobeach.co\/en\/wp-json\/wp\/v2\/product_cat?post=10439"},{"taxonomy":"product_tag","embeddable":true,"href":"https:\/\/www.coconucobeach.co\/en\/wp-json\/wp\/v2\/product_tag?post=10439"}],"curies":[{"name":"wp","href":"https:\/\/api.w.org\/{rel}","templated":true}]}}