{"id":8940,"date":"2024-11-26T16:51:39","date_gmt":"2024-11-26T16:51:39","guid":{"rendered":"https:\/\/www.coconucobeach.co\/?post_type=product&#038;p=8940"},"modified":"2026-02-23T15:43:04","modified_gmt":"2026-02-23T15:43:04","slug":"plan-romantico","status":"publish","type":"product","link":"https:\/\/www.coconucobeach.co\/en\/product\/plan-romantico\/","title":{"rendered":"Plan Rom\u00e1ntico"},"content":{"rendered":"<p>Duraci\u00f3n: 2 noches, 3 d\u00edas<\/p>\n<p>Includes:<\/p>\n<ul>\n<li>Habitaci\u00f3n deluxe con Jacuzzi y vista al mar<\/li>\n<li>Cena rom\u00e1ntica privada a la luz de las velas en la playa<\/li>\n<li>Masaje relajante para pareja en el spa del hotel<\/li>\n<li>Cita especial en Jacuzzi con vino<\/li>\n<li>Clase privada de yoga o meditaci\u00f3n al aterdecer (opcional)<\/li>\n<li>Visita a comunidades ind\u00edgenas<\/li>\n<li>Alimentaci\u00f3n completa durante la estad\u00eda<\/li>\n<li>Coctel de bienvenida<\/li>\n<li>Fogata<\/li>\n<\/ul>\n<p>&nbsp;<\/p>\n<p>&nbsp;<\/p>","protected":false},"excerpt":{"rendered":"<p>Esc\u00e1pate a la playa con tu persona favorita.<\/p>","protected":false},"featured_media":9628,"template":"","meta":[],"product_brand":[],"product_cat":[55],"product_tag":[],"class_list":{"0":"post-8940","1":"product","2":"type-product","3":"status-publish","4":"has-post-thumbnail","6":"product_cat-paquetes","8":"first","9":"onbackorder","10":"shipping-taxable","11":"product-type-simple"},"yoast_head":"<!-- This site is optimized with the Yoast SEO plugin v27.4 - https:\/\/yoast.com\/product\/yoast-seo-wordpress\/ -->\n<title>Plan Rom\u00e1ntico - Coconuco Beach Resort<\/title>\n<meta name=\"robots\" content=\"index, follow, max-snippet:-1, max-image-preview:large, max-video-preview:-1\" \/>\n<link rel=\"canonical\" href=\"https:\/\/www.coconucobeach.co\/en\/product\/plan-romantico\/\" \/>\n<meta property=\"og:locale\" content=\"en_GB\" \/>\n<meta property=\"og:type\" content=\"article\" \/>\n<meta property=\"og:title\" content=\"Plan Rom\u00e1ntico - Coconuco Beach Resort\" \/>\n<meta property=\"og:description\" content=\"Esc\u00e1pate a la playa con tu persona favorita.\" \/>\n<meta property=\"og:url\" content=\"https:\/\/www.coconucobeach.co\/en\/product\/plan-romantico\/\" \/>\n<meta property=\"og:site_name\" content=\"Coconuco Beach Resort\" \/>\n<meta property=\"article:publisher\" content=\"https:\/\/www.facebook.com\/coconucobeachpalomino\" \/>\n<meta property=\"article:modified_time\" content=\"2026-02-23T15:43:04+00:00\" \/>\n<meta property=\"og:image\" content=\"https:\/\/www.coconucobeach.co\/wp-content\/uploads\/2024\/11\/DSC04586-Mejorado-NR-scaled.jpg\" \/>\n\t<meta property=\"og:image:width\" content=\"2560\" \/>\n\t<meta property=\"og:image:height\" content=\"1707\" \/>\n\t<meta property=\"og:image:type\" content=\"image\/jpeg\" \/>\n<meta name=\"twitter:card\" content=\"summary_large_image\" \/>\n<meta name=\"twitter:label1\" content=\"Estimated reading time\" \/>\n\t<meta name=\"twitter:data1\" content=\"1 minute\" \/>\n<script type=\"application\/ld+json\" class=\"yoast-schema-graph\">{\"@context\":\"https:\\\/\\\/schema.org\",\"@graph\":[{\"@type\":\"WebPage\",\"@id\":\"https:\\\/\\\/www.coconucobeach.co\\\/producto\\\/plan-romantico\\\/\",\"url\":\"https:\\\/\\\/www.coconucobeach.co\\\/producto\\\/plan-romantico\\\/\",\"name\":\"Plan Rom\u00e1ntico - Coconuco Beach Resort\",\"isPartOf\":{\"@id\":\"https:\\\/\\\/www.coconucobeach.co\\\/#website\"},\"primaryImageOfPage\":{\"@id\":\"https:\\\/\\\/www.coconucobeach.co\\\/producto\\\/plan-romantico\\\/#primaryimage\"},\"image\":{\"@id\":\"https:\\\/\\\/www.coconucobeach.co\\\/producto\\\/plan-romantico\\\/#primaryimage\"},\"thumbnailUrl\":\"https:\\\/\\\/www.coconucobeach.co\\\/wp-content\\\/uploads\\\/2024\\\/11\\\/DSC04586-Mejorado-NR-scaled.jpg\",\"datePublished\":\"2024-11-26T16:51:39+00:00\",\"dateModified\":\"2026-02-23T15:43:04+00:00\",\"breadcrumb\":{\"@id\":\"https:\\\/\\\/www.coconucobeach.co\\\/producto\\\/plan-romantico\\\/#breadcrumb\"},\"inLanguage\":\"en-GB\",\"potentialAction\":[{\"@type\":\"ReadAction\",\"target\":[\"https:\\\/\\\/www.coconucobeach.co\\\/producto\\\/plan-romantico\\\/\"]}]},{\"@type\":\"ImageObject\",\"inLanguage\":\"en-GB\",\"@id\":\"https:\\\/\\\/www.coconucobeach.co\\\/producto\\\/plan-romantico\\\/#primaryimage\",\"url\":\"https:\\\/\\\/www.coconucobeach.co\\\/wp-content\\\/uploads\\\/2024\\\/11\\\/DSC04586-Mejorado-NR-scaled.jpg\",\"contentUrl\":\"https:\\\/\\\/www.coconucobeach.co\\\/wp-content\\\/uploads\\\/2024\\\/11\\\/DSC04586-Mejorado-NR-scaled.jpg\",\"width\":2560,\"height\":1707},{\"@type\":\"BreadcrumbList\",\"@id\":\"https:\\\/\\\/www.coconucobeach.co\\\/producto\\\/plan-romantico\\\/#breadcrumb\",\"itemListElement\":[{\"@type\":\"ListItem\",\"position\":1,\"name\":\"Portada\",\"item\":\"https:\\\/\\\/www.coconucobeach.co\\\/\"},{\"@type\":\"ListItem\",\"position\":2,\"name\":\"Tienda\",\"item\":\"https:\\\/\\\/www.coconucobeach.co\\\/tienda\\\/\"},{\"@type\":\"ListItem\",\"position\":3,\"name\":\"Plan Rom\u00e1ntico\"}]},{\"@type\":\"WebSite\",\"@id\":\"https:\\\/\\\/www.coconucobeach.co\\\/#website\",\"url\":\"https:\\\/\\\/www.coconucobeach.co\\\/\",\"name\":\"Coconuco Beach Resort\",\"description\":\"Coconuco Beach Resort es un lujoso, tranquilo y paradisiaco hotel\\\/resort ubicado en Palomino, Colombia. \u00a1Reserva con nosotros!\",\"publisher\":{\"@id\":\"https:\\\/\\\/www.coconucobeach.co\\\/#organization\"},\"potentialAction\":[{\"@type\":\"SearchAction\",\"target\":{\"@type\":\"EntryPoint\",\"urlTemplate\":\"https:\\\/\\\/www.coconucobeach.co\\\/?s={search_term_string}\"},\"query-input\":{\"@type\":\"PropertyValueSpecification\",\"valueRequired\":true,\"valueName\":\"search_term_string\"}}],\"inLanguage\":\"en-GB\"},{\"@type\":\"Organization\",\"@id\":\"https:\\\/\\\/www.coconucobeach.co\\\/#organization\",\"name\":\"Coconuco Beach Resort\",\"url\":\"https:\\\/\\\/www.coconucobeach.co\\\/\",\"logo\":{\"@type\":\"ImageObject\",\"inLanguage\":\"en-GB\",\"@id\":\"https:\\\/\\\/www.coconucobeach.co\\\/#\\\/schema\\\/logo\\\/image\\\/\",\"url\":\"https:\\\/\\\/www.coconucobeach.co\\\/wp-content\\\/uploads\\\/2023\\\/09\\\/LOGOTIPO-COCONUCO.png\",\"contentUrl\":\"https:\\\/\\\/www.coconucobeach.co\\\/wp-content\\\/uploads\\\/2023\\\/09\\\/LOGOTIPO-COCONUCO.png\",\"width\":500,\"height\":500,\"caption\":\"Coconuco Beach Resort\"},\"image\":{\"@id\":\"https:\\\/\\\/www.coconucobeach.co\\\/#\\\/schema\\\/logo\\\/image\\\/\"},\"sameAs\":[\"https:\\\/\\\/www.facebook.com\\\/coconucobeachpalomino\",\"https:\\\/\\\/www.instagram.com\\\/coconucobeachpalomino\\\/\",\"https:\\\/\\\/www.tiktok.com\\\/@coconucobeachpalomino\",\"https:\\\/\\\/www.linkedin.com\\\/in\\\/coconuco-beach-hotel-resort-74567128b\\\/\",\"https:\\\/\\\/co.pinterest.com\\\/coconucobeachpalomino\\\/\"]}]}<\/script>\n<!-- \/ Yoast SEO plugin. -->","yoast_head_json":{"title":"Plan Rom\u00e1ntico - Coconuco Beach Resort","robots":{"index":"index","follow":"follow","max-snippet":"max-snippet:-1","max-image-preview":"max-image-preview:large","max-video-preview":"max-video-preview:-1"},"canonical":"https:\/\/www.coconucobeach.co\/en\/product\/plan-romantico\/","og_locale":"en_GB","og_type":"article","og_title":"Plan Rom\u00e1ntico - Coconuco Beach Resort","og_description":"Esc\u00e1pate a la playa con tu persona favorita.","og_url":"https:\/\/www.coconucobeach.co\/en\/product\/plan-romantico\/","og_site_name":"Coconuco Beach Resort","article_publisher":"https:\/\/www.facebook.com\/coconucobeachpalomino","article_modified_time":"2026-02-23T15:43:04+00:00","og_image":[{"width":2560,"height":1707,"url":"https:\/\/www.coconucobeach.co\/wp-content\/uploads\/2024\/11\/DSC04586-Mejorado-NR-scaled.jpg","type":"image\/jpeg"}],"twitter_card":"summary_large_image","twitter_misc":{"Estimated reading time":"1 minute"},"schema":{"@context":"https:\/\/schema.org","@graph":[{"@type":"WebPage","@id":"https:\/\/www.coconucobeach.co\/producto\/plan-romantico\/","url":"https:\/\/www.coconucobeach.co\/producto\/plan-romantico\/","name":"Plan Rom\u00e1ntico - Coconuco Beach Resort","isPartOf":{"@id":"https:\/\/www.coconucobeach.co\/#website"},"primaryImageOfPage":{"@id":"https:\/\/www.coconucobeach.co\/producto\/plan-romantico\/#primaryimage"},"image":{"@id":"https:\/\/www.coconucobeach.co\/producto\/plan-romantico\/#primaryimage"},"thumbnailUrl":"https:\/\/www.coconucobeach.co\/wp-content\/uploads\/2024\/11\/DSC04586-Mejorado-NR-scaled.jpg","datePublished":"2024-11-26T16:51:39+00:00","dateModified":"2026-02-23T15:43:04+00:00","breadcrumb":{"@id":"https:\/\/www.coconucobeach.co\/producto\/plan-romantico\/#breadcrumb"},"inLanguage":"en-GB","potentialAction":[{"@type":"ReadAction","target":["https:\/\/www.coconucobeach.co\/producto\/plan-romantico\/"]}]},{"@type":"ImageObject","inLanguage":"en-GB","@id":"https:\/\/www.coconucobeach.co\/producto\/plan-romantico\/#primaryimage","url":"https:\/\/www.coconucobeach.co\/wp-content\/uploads\/2024\/11\/DSC04586-Mejorado-NR-scaled.jpg","contentUrl":"https:\/\/www.coconucobeach.co\/wp-content\/uploads\/2024\/11\/DSC04586-Mejorado-NR-scaled.jpg","width":2560,"height":1707},{"@type":"BreadcrumbList","@id":"https:\/\/www.coconucobeach.co\/producto\/plan-romantico\/#breadcrumb","itemListElement":[{"@type":"ListItem","position":1,"name":"Portada","item":"https:\/\/www.coconucobeach.co\/"},{"@type":"ListItem","position":2,"name":"Tienda","item":"https:\/\/www.coconucobeach.co\/tienda\/"},{"@type":"ListItem","position":3,"name":"Plan Rom\u00e1ntico"}]},{"@type":"WebSite","@id":"https:\/\/www.coconucobeach.co\/#website","url":"https:\/\/www.coconucobeach.co\/","name":"Coconuco Beach Resort","description":"Coconuco Beach Resort es un lujoso, tranquilo y paradisiaco hotel\/resort ubicado en Palomino, Colombia. \u00a1Reserva con nosotros!","publisher":{"@id":"https:\/\/www.coconucobeach.co\/#organization"},"potentialAction":[{"@type":"SearchAction","target":{"@type":"EntryPoint","urlTemplate":"https:\/\/www.coconucobeach.co\/?s={search_term_string}"},"query-input":{"@type":"PropertyValueSpecification","valueRequired":true,"valueName":"search_term_string"}}],"inLanguage":"en-GB"},{"@type":"Organization","@id":"https:\/\/www.coconucobeach.co\/#organization","name":"Coconuco Beach Resort","url":"https:\/\/www.coconucobeach.co\/","logo":{"@type":"ImageObject","inLanguage":"en-GB","@id":"https:\/\/www.coconucobeach.co\/#\/schema\/logo\/image\/","url":"https:\/\/www.coconucobeach.co\/wp-content\/uploads\/2023\/09\/LOGOTIPO-COCONUCO.png","contentUrl":"https:\/\/www.coconucobeach.co\/wp-content\/uploads\/2023\/09\/LOGOTIPO-COCONUCO.png","width":500,"height":500,"caption":"Coconuco Beach Resort"},"image":{"@id":"https:\/\/www.coconucobeach.co\/#\/schema\/logo\/image\/"},"sameAs":["https:\/\/www.facebook.com\/coconucobeachpalomino","https:\/\/www.instagram.com\/coconucobeachpalomino\/","https:\/\/www.tiktok.com\/@coconucobeachpalomino","https:\/\/www.linkedin.com\/in\/coconuco-beach-hotel-resort-74567128b\/","https:\/\/co.pinterest.com\/coconucobeachpalomino\/"]}]}},"_links":{"self":[{"href":"https:\/\/www.coconucobeach.co\/en\/wp-json\/wp\/v2\/product\/8940","targetHints":{"allow":["GET"]}}],"collection":[{"href":"https:\/\/www.coconucobeach.co\/en\/wp-json\/wp\/v2\/product"}],"about":[{"href":"https:\/\/www.coconucobeach.co\/en\/wp-json\/wp\/v2\/types\/product"}],"version-history":[{"count":1,"href":"https:\/\/www.coconucobeach.co\/en\/wp-json\/wp\/v2\/product\/8940\/revisions"}],"predecessor-version":[{"id":11500,"href":"https:\/\/www.coconucobeach.co\/en\/wp-json\/wp\/v2\/product\/8940\/revisions\/11500"}],"wp:featuredmedia":[{"embeddable":true,"href":"https:\/\/www.coconucobeach.co\/en\/wp-json\/wp\/v2\/media\/9628"}],"wp:attachment":[{"href":"https:\/\/www.coconucobeach.co\/en\/wp-json\/wp\/v2\/media?parent=8940"}],"wp:term":[{"taxonomy":"product_brand","embeddable":true,"href":"https:\/\/www.coconucobeach.co\/en\/wp-json\/wp\/v2\/product_brand?post=8940"},{"taxonomy":"product_cat","embeddable":true,"href":"https:\/\/www.coconucobeach.co\/en\/wp-json\/wp\/v2\/product_cat?post=8940"},{"taxonomy":"product_tag","embeddable":true,"href":"https:\/\/www.coconucobeach.co\/en\/wp-json\/wp\/v2\/product_tag?post=8940"}],"curies":[{"name":"wp","href":"https:\/\/api.w.org\/{rel}","templated":true}]}}