{"id":9949,"date":"2024-12-02T22:04:54","date_gmt":"2024-12-02T22:04:54","guid":{"rendered":"https:\/\/www.coconucobeach.co\/?post_type=product&#038;p=9949"},"modified":"2026-02-23T17:22:55","modified_gmt":"2026-02-23T17:22:55","slug":"reflexologia-podal","status":"publish","type":"product","link":"https:\/\/www.coconucobeach.co\/en\/product\/reflexologia-podal\/","title":{"rendered":"Foot reflexology"},"content":{"rendered":"<p><strong>Includes:\u00a0<\/strong><\/p>\n<p>Complete foot massage \u2022 Enhancement and activation of the immune system \u2022 Elimination of toxins \u2022 Focused pain relief \u2022 Hydrotherapy \u2022 Swimming pool \u2022 Sauna \u2022 Semi-private beach \u2022 Coconuco Cocktail<\/p>\n<p><strong>Ritual duration:<\/strong><\/p>\n<p>45 minutes<\/p>","protected":false},"excerpt":{"rendered":"<p>Foot reflexology is a natural therapy that connects the reflex points on the feet with different parts and organs of the body. Applying pressure to these points can stimulate healing responses in those corresponding areas.<\/p>","protected":false},"featured_media":8446,"template":"","meta":[],"product_brand":[],"product_cat":[59],"product_tag":[],"class_list":{"0":"post-9949","1":"product","2":"type-product","3":"status-publish","4":"has-post-thumbnail","6":"product_cat-spa","8":"first","9":"onbackorder","10":"shipping-taxable","11":"product-type-simple"},"yoast_head":"<!-- This site is optimized with the Yoast SEO plugin v27.4 - https:\/\/yoast.com\/product\/yoast-seo-wordpress\/ -->\n<title>Reflexolog\u00eda podal - Coconuco Beach Resort<\/title>\n<meta name=\"robots\" content=\"index, follow, max-snippet:-1, max-image-preview:large, max-video-preview:-1\" \/>\n<link rel=\"canonical\" href=\"https:\/\/www.coconucobeach.co\/en\/product\/reflexologia-podal\/\" \/>\n<meta property=\"og:locale\" content=\"en_GB\" \/>\n<meta property=\"og:type\" content=\"article\" \/>\n<meta property=\"og:title\" content=\"Reflexolog\u00eda podal - Coconuco Beach Resort\" \/>\n<meta property=\"og:description\" content=\"La reflexolog\u00eda podal es una terapia natural que conecta los puntos reflejos en los pies con distintas partes y \u00f3rganos del cuerpo. Al aplicar presi\u00f3n en estos puntos se pueden estimular respuestas curativas en esas \u00e1reas correspondientes.\" \/>\n<meta property=\"og:url\" content=\"https:\/\/www.coconucobeach.co\/en\/product\/reflexologia-podal\/\" \/>\n<meta property=\"og:site_name\" content=\"Coconuco Beach Resort\" \/>\n<meta property=\"article:publisher\" content=\"https:\/\/www.facebook.com\/coconucobeachpalomino\" \/>\n<meta property=\"article:modified_time\" content=\"2026-02-23T17:22:55+00:00\" \/>\n<meta property=\"og:image\" content=\"https:\/\/www.coconucobeach.co\/wp-content\/uploads\/2024\/11\/4-1.png\" \/>\n\t<meta property=\"og:image:width\" content=\"1080\" \/>\n\t<meta property=\"og:image:height\" content=\"1080\" \/>\n\t<meta property=\"og:image:type\" content=\"image\/png\" \/>\n<meta name=\"twitter:card\" content=\"summary_large_image\" \/>\n<meta name=\"twitter:label1\" content=\"Estimated reading time\" \/>\n\t<meta name=\"twitter:data1\" content=\"1 minute\" \/>\n<script type=\"application\/ld+json\" class=\"yoast-schema-graph\">{\"@context\":\"https:\\\/\\\/schema.org\",\"@graph\":[{\"@type\":\"WebPage\",\"@id\":\"https:\\\/\\\/www.coconucobeach.co\\\/producto\\\/reflexologia-podal\\\/\",\"url\":\"https:\\\/\\\/www.coconucobeach.co\\\/producto\\\/reflexologia-podal\\\/\",\"name\":\"Reflexolog\u00eda podal - Coconuco Beach Resort\",\"isPartOf\":{\"@id\":\"https:\\\/\\\/www.coconucobeach.co\\\/#website\"},\"primaryImageOfPage\":{\"@id\":\"https:\\\/\\\/www.coconucobeach.co\\\/producto\\\/reflexologia-podal\\\/#primaryimage\"},\"image\":{\"@id\":\"https:\\\/\\\/www.coconucobeach.co\\\/producto\\\/reflexologia-podal\\\/#primaryimage\"},\"thumbnailUrl\":\"https:\\\/\\\/www.coconucobeach.co\\\/wp-content\\\/uploads\\\/2024\\\/11\\\/4-1.png\",\"datePublished\":\"2024-12-02T22:04:54+00:00\",\"dateModified\":\"2026-02-23T17:22:55+00:00\",\"breadcrumb\":{\"@id\":\"https:\\\/\\\/www.coconucobeach.co\\\/producto\\\/reflexologia-podal\\\/#breadcrumb\"},\"inLanguage\":\"en-GB\",\"potentialAction\":[{\"@type\":\"ReadAction\",\"target\":[\"https:\\\/\\\/www.coconucobeach.co\\\/producto\\\/reflexologia-podal\\\/\"]}]},{\"@type\":\"ImageObject\",\"inLanguage\":\"en-GB\",\"@id\":\"https:\\\/\\\/www.coconucobeach.co\\\/producto\\\/reflexologia-podal\\\/#primaryimage\",\"url\":\"https:\\\/\\\/www.coconucobeach.co\\\/wp-content\\\/uploads\\\/2024\\\/11\\\/4-1.png\",\"contentUrl\":\"https:\\\/\\\/www.coconucobeach.co\\\/wp-content\\\/uploads\\\/2024\\\/11\\\/4-1.png\",\"width\":1080,\"height\":1080},{\"@type\":\"BreadcrumbList\",\"@id\":\"https:\\\/\\\/www.coconucobeach.co\\\/producto\\\/reflexologia-podal\\\/#breadcrumb\",\"itemListElement\":[{\"@type\":\"ListItem\",\"position\":1,\"name\":\"Portada\",\"item\":\"https:\\\/\\\/www.coconucobeach.co\\\/\"},{\"@type\":\"ListItem\",\"position\":2,\"name\":\"Tienda\",\"item\":\"https:\\\/\\\/www.coconucobeach.co\\\/tienda\\\/\"},{\"@type\":\"ListItem\",\"position\":3,\"name\":\"Reflexolog\u00eda podal\"}]},{\"@type\":\"WebSite\",\"@id\":\"https:\\\/\\\/www.coconucobeach.co\\\/#website\",\"url\":\"https:\\\/\\\/www.coconucobeach.co\\\/\",\"name\":\"Coconuco Beach Resort\",\"description\":\"Coconuco Beach Resort es un lujoso, tranquilo y paradisiaco hotel\\\/resort ubicado en Palomino, Colombia. \u00a1Reserva con nosotros!\",\"publisher\":{\"@id\":\"https:\\\/\\\/www.coconucobeach.co\\\/#organization\"},\"potentialAction\":[{\"@type\":\"SearchAction\",\"target\":{\"@type\":\"EntryPoint\",\"urlTemplate\":\"https:\\\/\\\/www.coconucobeach.co\\\/?s={search_term_string}\"},\"query-input\":{\"@type\":\"PropertyValueSpecification\",\"valueRequired\":true,\"valueName\":\"search_term_string\"}}],\"inLanguage\":\"en-GB\"},{\"@type\":\"Organization\",\"@id\":\"https:\\\/\\\/www.coconucobeach.co\\\/#organization\",\"name\":\"Coconuco Beach Resort\",\"url\":\"https:\\\/\\\/www.coconucobeach.co\\\/\",\"logo\":{\"@type\":\"ImageObject\",\"inLanguage\":\"en-GB\",\"@id\":\"https:\\\/\\\/www.coconucobeach.co\\\/#\\\/schema\\\/logo\\\/image\\\/\",\"url\":\"https:\\\/\\\/www.coconucobeach.co\\\/wp-content\\\/uploads\\\/2023\\\/09\\\/LOGOTIPO-COCONUCO.png\",\"contentUrl\":\"https:\\\/\\\/www.coconucobeach.co\\\/wp-content\\\/uploads\\\/2023\\\/09\\\/LOGOTIPO-COCONUCO.png\",\"width\":500,\"height\":500,\"caption\":\"Coconuco Beach Resort\"},\"image\":{\"@id\":\"https:\\\/\\\/www.coconucobeach.co\\\/#\\\/schema\\\/logo\\\/image\\\/\"},\"sameAs\":[\"https:\\\/\\\/www.facebook.com\\\/coconucobeachpalomino\",\"https:\\\/\\\/www.instagram.com\\\/coconucobeachpalomino\\\/\",\"https:\\\/\\\/www.tiktok.com\\\/@coconucobeachpalomino\",\"https:\\\/\\\/www.linkedin.com\\\/in\\\/coconuco-beach-hotel-resort-74567128b\\\/\",\"https:\\\/\\\/co.pinterest.com\\\/coconucobeachpalomino\\\/\"]}]}<\/script>\n<!-- \/ Yoast SEO plugin. -->","yoast_head_json":{"title":"Reflexolog\u00eda podal - Coconuco Beach Resort","robots":{"index":"index","follow":"follow","max-snippet":"max-snippet:-1","max-image-preview":"max-image-preview:large","max-video-preview":"max-video-preview:-1"},"canonical":"https:\/\/www.coconucobeach.co\/en\/product\/reflexologia-podal\/","og_locale":"en_GB","og_type":"article","og_title":"Reflexolog\u00eda podal - Coconuco Beach Resort","og_description":"La reflexolog\u00eda podal es una terapia natural que conecta los puntos reflejos en los pies con distintas partes y \u00f3rganos del cuerpo. Al aplicar presi\u00f3n en estos puntos se pueden estimular respuestas curativas en esas \u00e1reas correspondientes.","og_url":"https:\/\/www.coconucobeach.co\/en\/product\/reflexologia-podal\/","og_site_name":"Coconuco Beach Resort","article_publisher":"https:\/\/www.facebook.com\/coconucobeachpalomino","article_modified_time":"2026-02-23T17:22:55+00:00","og_image":[{"width":1080,"height":1080,"url":"https:\/\/www.coconucobeach.co\/wp-content\/uploads\/2024\/11\/4-1.png","type":"image\/png"}],"twitter_card":"summary_large_image","twitter_misc":{"Estimated reading time":"1 minute"},"schema":{"@context":"https:\/\/schema.org","@graph":[{"@type":"WebPage","@id":"https:\/\/www.coconucobeach.co\/producto\/reflexologia-podal\/","url":"https:\/\/www.coconucobeach.co\/producto\/reflexologia-podal\/","name":"Reflexolog\u00eda podal - Coconuco Beach Resort","isPartOf":{"@id":"https:\/\/www.coconucobeach.co\/#website"},"primaryImageOfPage":{"@id":"https:\/\/www.coconucobeach.co\/producto\/reflexologia-podal\/#primaryimage"},"image":{"@id":"https:\/\/www.coconucobeach.co\/producto\/reflexologia-podal\/#primaryimage"},"thumbnailUrl":"https:\/\/www.coconucobeach.co\/wp-content\/uploads\/2024\/11\/4-1.png","datePublished":"2024-12-02T22:04:54+00:00","dateModified":"2026-02-23T17:22:55+00:00","breadcrumb":{"@id":"https:\/\/www.coconucobeach.co\/producto\/reflexologia-podal\/#breadcrumb"},"inLanguage":"en-GB","potentialAction":[{"@type":"ReadAction","target":["https:\/\/www.coconucobeach.co\/producto\/reflexologia-podal\/"]}]},{"@type":"ImageObject","inLanguage":"en-GB","@id":"https:\/\/www.coconucobeach.co\/producto\/reflexologia-podal\/#primaryimage","url":"https:\/\/www.coconucobeach.co\/wp-content\/uploads\/2024\/11\/4-1.png","contentUrl":"https:\/\/www.coconucobeach.co\/wp-content\/uploads\/2024\/11\/4-1.png","width":1080,"height":1080},{"@type":"BreadcrumbList","@id":"https:\/\/www.coconucobeach.co\/producto\/reflexologia-podal\/#breadcrumb","itemListElement":[{"@type":"ListItem","position":1,"name":"Portada","item":"https:\/\/www.coconucobeach.co\/"},{"@type":"ListItem","position":2,"name":"Tienda","item":"https:\/\/www.coconucobeach.co\/tienda\/"},{"@type":"ListItem","position":3,"name":"Reflexolog\u00eda podal"}]},{"@type":"WebSite","@id":"https:\/\/www.coconucobeach.co\/#website","url":"https:\/\/www.coconucobeach.co\/","name":"Coconuco Beach Resort","description":"Coconuco Beach Resort es un lujoso, tranquilo y paradisiaco hotel\/resort ubicado en Palomino, Colombia. \u00a1Reserva con nosotros!","publisher":{"@id":"https:\/\/www.coconucobeach.co\/#organization"},"potentialAction":[{"@type":"SearchAction","target":{"@type":"EntryPoint","urlTemplate":"https:\/\/www.coconucobeach.co\/?s={search_term_string}"},"query-input":{"@type":"PropertyValueSpecification","valueRequired":true,"valueName":"search_term_string"}}],"inLanguage":"en-GB"},{"@type":"Organization","@id":"https:\/\/www.coconucobeach.co\/#organization","name":"Coconuco Beach Resort","url":"https:\/\/www.coconucobeach.co\/","logo":{"@type":"ImageObject","inLanguage":"en-GB","@id":"https:\/\/www.coconucobeach.co\/#\/schema\/logo\/image\/","url":"https:\/\/www.coconucobeach.co\/wp-content\/uploads\/2023\/09\/LOGOTIPO-COCONUCO.png","contentUrl":"https:\/\/www.coconucobeach.co\/wp-content\/uploads\/2023\/09\/LOGOTIPO-COCONUCO.png","width":500,"height":500,"caption":"Coconuco Beach Resort"},"image":{"@id":"https:\/\/www.coconucobeach.co\/#\/schema\/logo\/image\/"},"sameAs":["https:\/\/www.facebook.com\/coconucobeachpalomino","https:\/\/www.instagram.com\/coconucobeachpalomino\/","https:\/\/www.tiktok.com\/@coconucobeachpalomino","https:\/\/www.linkedin.com\/in\/coconuco-beach-hotel-resort-74567128b\/","https:\/\/co.pinterest.com\/coconucobeachpalomino\/"]}]}},"_links":{"self":[{"href":"https:\/\/www.coconucobeach.co\/en\/wp-json\/wp\/v2\/product\/9949","targetHints":{"allow":["GET"]}}],"collection":[{"href":"https:\/\/www.coconucobeach.co\/en\/wp-json\/wp\/v2\/product"}],"about":[{"href":"https:\/\/www.coconucobeach.co\/en\/wp-json\/wp\/v2\/types\/product"}],"version-history":[{"count":1,"href":"https:\/\/www.coconucobeach.co\/en\/wp-json\/wp\/v2\/product\/9949\/revisions"}],"predecessor-version":[{"id":11487,"href":"https:\/\/www.coconucobeach.co\/en\/wp-json\/wp\/v2\/product\/9949\/revisions\/11487"}],"wp:featuredmedia":[{"embeddable":true,"href":"https:\/\/www.coconucobeach.co\/en\/wp-json\/wp\/v2\/media\/8446"}],"wp:attachment":[{"href":"https:\/\/www.coconucobeach.co\/en\/wp-json\/wp\/v2\/media?parent=9949"}],"wp:term":[{"taxonomy":"product_brand","embeddable":true,"href":"https:\/\/www.coconucobeach.co\/en\/wp-json\/wp\/v2\/product_brand?post=9949"},{"taxonomy":"product_cat","embeddable":true,"href":"https:\/\/www.coconucobeach.co\/en\/wp-json\/wp\/v2\/product_cat?post=9949"},{"taxonomy":"product_tag","embeddable":true,"href":"https:\/\/www.coconucobeach.co\/en\/wp-json\/wp\/v2\/product_tag?post=9949"}],"curies":[{"name":"wp","href":"https:\/\/api.w.org\/{rel}","templated":true}]}}